{"id":61,"date":"2014-05-31T20:46:51","date_gmt":"2014-05-31T20:46:51","guid":{"rendered":"http:\/\/www.siemexico.mx\/?page_id=61"},"modified":"2023-02-02T08:30:25","modified_gmt":"2023-02-02T14:30:25","slug":"quienes-somos","status":"publish","type":"page","link":"https:\/\/siemexico.mx\/?page_id=61","title":{"rendered":"\u00bfQuienes Somos?"},"content":{"rendered":"<div class=\"osc-res-tab tabbable   osc-tabs-left\"><div style=\"clear:both;width: 100%;\"><ul class=\"nav osc-res-nav nav-pills osc-tabs-left-ul\" id=\"oscitas-restabs-1-quienes-somos-23392\"><li class=\"active\"><a href=\"#ert_pane1-0\" data-toggle=\"tab\">Objetivos<\/a><\/li><li class=\"\"><a href=\"#ert_pane1-1\" data-toggle=\"tab\">Directorio<\/a><\/li><\/ul><\/div><div style=\"clear:both;width: 100%;\"><ul class=\"tab-content\" id=\"oscitas-restabcontent-1-quienes-somos-23392\"><li class=\"tab-pane active\" id=\"ert_pane1-0\"><\/p>\n<p><strong>MISI\u00d3N<\/strong><\/p>\n<p style=\"text-align: justify;\">Analizar, editar y difundir las pol\u00edticas del gobierno mexicano en los campos de la actividad econ\u00f3mica, pol\u00edtica y social, en base a la legislaci\u00f3n federal mexicana.<\/p>\n<p style=\"text-align: justify;\">Cuenta con un sistema de informaci\u00f3n <em>SIEM\u00e9xico<\/em>, para precisar el alcance real de todas las pol\u00edticas gubernamentales (econ\u00f3micas, pol\u00edticas y sociales), a partir de sus instrumentos administrativos y de operaci\u00f3n, contenidos en sus marcos jur\u00eddicos.<\/p>\n<p><strong>VISI\u00d3N<\/strong><\/p>\n<p style=\"text-align: justify;\">Nuestra instituci\u00f3n considera que las bases de un desarrollo sostenido, equitativo, democr\u00e1tico y pac\u00edfico de M\u00e9xico, est\u00e1n en la informaci\u00f3n objetiva que haga posible que todos los mexicanos conozcan sus derechos, oportunidades y las obligaciones que les impone la legislaci\u00f3n, para que sea posible aplicar pol\u00edticas de gobierno viables y realistas.<\/p>\n<p><strong>SERVICIOS <\/strong>(desde 1986)<\/p>\n<ul>\n<li>Sistemas de informaci\u00f3n peri\u00f3dica sobre los cambios en las pol\u00edticas del gobierno mexicano.<\/li>\n<li>Reportes ejecutivos en campos espec\u00edficos de las pol\u00edticas de gobierno.<\/li>\n<li>Perfiles de pol\u00edticas gobierno.<\/li>\n<li>Estudios en l\u00ednea sobre pol\u00edticas p\u00fablicas.<strong>\u00a0<\/strong><\/li>\n<\/ul>\n<p><strong>ACTIVIDADES\u00a0DESTACADAS<\/strong><\/p>\n<table>\n<tbody>\n<tr>\n<td width=\"95\"><\/td>\n<td width=\"470\">\n<h5 style=\"text-align: center;\">Servicios<\/h5>\n<\/td>\n<\/tr>\n<tr>\n<td style=\"text-align: left;\" width=\"95\">2009-2020<\/td>\n<td style=\"text-align: left;\" width=\"470\">Sistema de Informaci\u00f3n sobre <em>El Proyecto Nacional de M\u00e9xico.<\/em> <em>\u00a0Su Marco Constitucional,<\/em><em>\u00a0jerarqu\u00eda y vinculaci\u00f3n de sus conceptos<\/em>,<em> as\u00ed como los marcos jur\u00eddicos de las pol\u00edticas del gobierno mexicano<\/em>.<\/td>\n<\/tr>\n<tr>\n<td style=\"text-align: left;\" width=\"95\">2006-2009<\/td>\n<td style=\"text-align: left;\" width=\"470\">Asesor de la Comisi\u00f3n de Puntos Constitucionales.\u00a0 LX Legislatura de la C\u00e1mara de Diputados.<\/td>\n<\/tr>\n<tr>\n<td style=\"text-align: left;\" width=\"95\">2003-2017<\/td>\n<td style=\"text-align: left;\" width=\"470\">Portal <em><a href=\"http:\/\/www.siemexico.com\/\">www.siemexico.mx<\/a><\/em>\u00a0 Sistema de Informaci\u00f3n Estrat\u00e9gica, que analiza las pol\u00edticas econ\u00f3micas del Gobierno Federal a partir de sus marcos jur\u00eddicos.<\/td>\n<\/tr>\n<tr>\n<td style=\"text-align: left;\" width=\"95\">1999<\/td>\n<td style=\"text-align: left;\" width=\"470\">Elaboraci\u00f3n del estudio y la iniciativa de ley que crea el Instituto Mexicano de la Juventud, aprobada por el Congreso de la Uni\u00f3n y publicada en el Diario Oficial de la Federaci\u00f3n, el 6 de enero de 1999.<\/td>\n<\/tr>\n<tr>\n<td style=\"text-align: left;\" width=\"95\">1992-1994<\/td>\n<td style=\"text-align: left;\" width=\"470\">Asesor de la Comisi\u00f3n de Cultura de la C\u00e1mara de Diputados (LV Legislatura).<\/td>\n<\/tr>\n<tr>\n<td style=\"text-align: left;\" width=\"95\">1992-1994<\/td>\n<td style=\"text-align: left;\" width=\"470\">Miembro de la oficina de asesor\u00eda del Secretario de Desarrollo Social.<\/td>\n<\/tr>\n<tr>\n<td style=\"text-align: left;\" width=\"95\">1992-1993<\/td>\n<td style=\"text-align: left;\" width=\"470\">Elaboraci\u00f3n del programa de control de cumplimiento de disposiciones emanadas de instrumentos jur\u00eddico-administrativos.\u00a0 Secretar\u00eda de la Contralor\u00eda General de la Federaci\u00f3n.<\/td>\n<\/tr>\n<tr>\n<td width=\"95\"><\/td>\n<td width=\"470\">\n<h5 style=\"text-align: center;\">Publicaciones<\/h5>\n<\/td>\n<\/tr>\n<tr>\n<td style=\"text-align: left;\" width=\"95\">2014<\/td>\n<td style=\"text-align: left;\" width=\"470\">Elaboraci\u00f3n de los libros \u201c<em>Diccionario de la<\/em> <em>Constituci\u00f3n Mexicana, jerarqu\u00eda y vinculaci\u00f3n de sus conceptos\u201d<\/em> as\u00ed como \u201c<em>200 a\u00f1os de evoluci\u00f3n del constitucionalismo mexicano, de Apatzing\u00e1n a nuestros d\u00edas\u201d, <\/em>en coedici\u00f3n con el Senado de la Rep\u00fablica. 3\u00aa. Edici\u00f3n.<\/td>\n<\/tr>\n<tr>\n<td style=\"text-align: left;\" width=\"95\">2012<\/td>\n<td style=\"text-align: left;\" width=\"470\"><em>\u201cLos derechos fundamentales del pueblo de Quintana Roo, An\u00e1lisis de la Constituci\u00f3n del Estado\u201d<\/em>, publicado por Miguel \u00c1ngel Porr\u00faa, Librero Editor.\u00a0 Para el gobierno del Estado.<\/td>\n<\/tr>\n<tr>\n<td style=\"text-align: left;\" width=\"95\">2011<\/td>\n<td style=\"text-align: left;\" width=\"470\"><em>\u201cLos derechos fundamentales del pueblo de Veracruz a trav\u00e9s de su historia, An\u00e1lisis de la Constituci\u00f3n del Estado de Veracruz\u201d<\/em>,\u00a0 publicado por Miguel \u00c1ngel Porr\u00faa, Librero Editor.\u00a0 Para el gobierno del Estado.<\/td>\n<\/tr>\n<tr>\n<td style=\"text-align: left;\" width=\"95\">2010<\/td>\n<td style=\"text-align: left;\" width=\"470\"><em>\u201cLos derechos fundamentales del pueblo de Chiapas, An\u00e1lisis de la Constituci\u00f3n del Estado de Chiapas\u201d<\/em>, publicado por Miguel \u00c1ngel Porr\u00faa, Librero Editor.\u00a0 Nueva edici\u00f3n en 2011.\u00a0 Para el gobierno del Estado.<\/td>\n<\/tr>\n<tr>\n<td style=\"text-align: left;\" width=\"95\">2009<\/td>\n<td style=\"text-align: left;\" width=\"470\"><em>\u201cDiccionario de la Constituci\u00f3n Mexicana, Jerarqu\u00eda y Vinculaci\u00f3n de sus Conceptos\u201d<\/em>, publicado por Miguel \u00c1ngel Porr\u00faa, Librero Editor.\u00a0 Para la C\u00e1mara de Diputados del Congreso de la Uni\u00f3n. 1\u00aa. Edici\u00f3n.<\/td>\n<\/tr>\n<tr>\n<td style=\"text-align: left;\" width=\"95\">2008<\/td>\n<td style=\"text-align: left;\" width=\"470\"><em>\u201cLa Pol\u00edtica Mexicana de Telecomunicaciones\u201d<\/em> y <em>\u201cLos Instrumentos Jur\u00eddicos de la Pol\u00edtica Energ\u00e9tica\u201d<\/em>, ambos publicados por Miguel \u00c1ngel Porr\u00faa, Librero Editor.\u00a0 Para la C\u00e1mara de Diputados del Congreso de la Uni\u00f3n.<\/td>\n<\/tr>\n<tr>\n<td style=\"text-align: left;\" width=\"95\">1997<\/td>\n<td style=\"text-align: left;\" width=\"470\">\u201c<em>Las Pol\u00edticas de Gobierno para la Atenci\u00f3n de la Juventud.\u00a0 Marco jur\u00eddico\u201d.<\/em>\u00a0 Comisi\u00f3n de Atenci\u00f3n a la Juventud, C\u00e1mara de Senadores.<\/td>\n<\/tr>\n<tr>\n<td style=\"text-align: left;\" width=\"95\">1997<\/td>\n<td style=\"text-align: left;\" width=\"470\">\u201c<em>La Pol\u00edtica Financiera<\/em><em>, La Pol\u00edtica Social, La Pol\u00edtica Educativa, La Pol\u00edtica de Comunicaciones y Transportes y la Pol\u00edtica Energ\u00e9tica\u201d<\/em>, como parte de la Enciclopedia Parlamentaria de M\u00e9xico, publicada por la C\u00e1mara de Diputados.<\/td>\n<\/tr>\n<tr>\n<td style=\"text-align: left;\" width=\"95\">1993<\/td>\n<td style=\"text-align: left;\" width=\"470\">\u201c<em>Marco Jur\u00eddico de la pol\u00edtica educativa y cultural del gobierno de la Rep\u00fablica\u201d,<\/em> libro publicado por la Comisi\u00f3n de Cultura de la C\u00e1mara de Diputados.<\/td>\n<\/tr>\n<tr>\n<td style=\"text-align: left;\" width=\"95\">1987-1992<\/td>\n<td style=\"text-align: left;\" width=\"470\">Revista mensual \u201c<em>Estrategias Actuales\u201d<\/em>, publicaci\u00f3n del Instituto Mexicano de Estrategias, SIN 0187-8247. Art\u00edculos para Exc\u00e9lsior, El Financiero y El Economista, as\u00ed como las revistas El Inversionista y El Mercado de Valores, de NAFIN SNC.<\/td>\n<\/tr>\n<tr>\n<td style=\"text-align: left;\" width=\"95\">1988<\/td>\n<td style=\"text-align: left;\" width=\"470\">Documento \u201c<em>La promoci\u00f3n gubernamental para la industrializaci\u00f3n dentro del comercio exterior\u201d<\/em>.\u00a0 Elaborado para AMA Internacional, Management Center de M\u00e9xico.<\/td>\n<\/tr>\n<\/tbody>\n<\/table>\n<p style=\"color: #000000;\"><\/li><li class=\"tab-pane \" id=\"ert_pane1-1\"><\/p>\n<p><img fetchpriority=\"high\" decoding=\"async\" style=\"color: #000000;\" src=\"https:\/\/www.imemexico.com\/img\/nosotros.jpg\" alt=\"\" width=\"295\" height=\"177\" \/><\/p>\n<p class=\"txtrojo\" style=\"color: #660000;\"><strong>Fundadores<br \/>\n<\/strong>Luis Dant\u00f3n Rodr\u00edguez (\u256c)<br \/>\nAlejandro Sp\u00edndola Y\u00e1\u00f1ez<\/p>\n<p><b>Director General<\/b><br \/>\nAlejandro Sp\u00edndola Y\u00e1\u00f1ez.<\/p>\n<p>Director de Investigaciones<\/strong>\u00a0<strong>Jur\u00eddicas<\/strong><br \/>\nSusana Sp\u00edndola Balandrano<\/p>\n<p><strong>Director de Sistemas<\/strong><br \/>\nJos\u00e9 Luis Barajas Arcos<\/p>\n<p><b><\/b><strong>Ubicaci\u00f3n<\/strong><br \/>\nColina del Yaqui 51 Naucalpan 53140<br \/>\nEstado de M\u00e9xico, M\u00e9xico<\/p>\n<p><b>Tel\u00e9fono<\/b><br \/>\n55 5138 4872<\/p>\n<p><b>E-mail<\/b><br \/>\ncontacto@imemexico.com<\/p>\n<p><b>www.siemexico.mx<\/b><\/p>\n<p><\/li><\/ul><\/div><\/div>\n","protected":false},"excerpt":{"rendered":"","protected":false},"author":1,"featured_media":0,"parent":0,"menu_order":0,"comment_status":"open","ping_status":"open","template":"","meta":{"_acf_changed":false,"footnotes":""},"class_list":["post-61","page","type-page","status-publish","hentry"],"acf":[],"yoast_head":"<!-- This site is optimized with the Yoast SEO plugin v26.6 - https:\/\/yoast.com\/wordpress\/plugins\/seo\/ -->\n<title>\u00bfQuienes Somos? - https:\/\/siemexico.mx\/<\/title>\n<meta name=\"robots\" content=\"index, follow, max-snippet:-1, max-image-preview:large, max-video-preview:-1\" \/>\n<link rel=\"canonical\" href=\"https:\/\/siemexico.mx\/?page_id=61\" \/>\n<meta property=\"og:locale\" content=\"es_ES\" \/>\n<meta property=\"og:type\" content=\"article\" \/>\n<meta property=\"og:title\" content=\"\u00bfQuienes Somos? - https:\/\/siemexico.mx\/\" \/>\n<meta property=\"og:url\" content=\"https:\/\/siemexico.mx\/?page_id=61\" \/>\n<meta property=\"og:site_name\" content=\"https:\/\/siemexico.mx\/\" \/>\n<meta property=\"article:modified_time\" content=\"2023-02-02T14:30:25+00:00\" \/>\n<meta property=\"og:image\" content=\"https:\/\/www.imemexico.com\/img\/nosotros.jpg\" \/>\n<meta name=\"twitter:card\" content=\"summary_large_image\" \/>\n<meta name=\"twitter:label1\" content=\"Tiempo de lectura\" \/>\n\t<meta name=\"twitter:data1\" content=\"4 minutos\" \/>\n<script type=\"application\/ld+json\" class=\"yoast-schema-graph\">{\"@context\":\"https:\/\/schema.org\",\"@graph\":[{\"@type\":\"WebPage\",\"@id\":\"https:\/\/siemexico.mx\/?page_id=61\",\"url\":\"https:\/\/siemexico.mx\/?page_id=61\",\"name\":\"\u00bfQuienes Somos? - https:\/\/siemexico.mx\/\",\"isPartOf\":{\"@id\":\"https:\/\/siemexico.mx\/#website\"},\"primaryImageOfPage\":{\"@id\":\"https:\/\/siemexico.mx\/?page_id=61#primaryimage\"},\"image\":{\"@id\":\"https:\/\/siemexico.mx\/?page_id=61#primaryimage\"},\"thumbnailUrl\":\"https:\/\/www.imemexico.com\/img\/nosotros.jpg\",\"datePublished\":\"2014-05-31T20:46:51+00:00\",\"dateModified\":\"2023-02-02T14:30:25+00:00\",\"breadcrumb\":{\"@id\":\"https:\/\/siemexico.mx\/?page_id=61#breadcrumb\"},\"inLanguage\":\"es\",\"potentialAction\":[{\"@type\":\"ReadAction\",\"target\":[\"https:\/\/siemexico.mx\/?page_id=61\"]}]},{\"@type\":\"ImageObject\",\"inLanguage\":\"es\",\"@id\":\"https:\/\/siemexico.mx\/?page_id=61#primaryimage\",\"url\":\"https:\/\/www.imemexico.com\/img\/nosotros.jpg\",\"contentUrl\":\"https:\/\/www.imemexico.com\/img\/nosotros.jpg\"},{\"@type\":\"BreadcrumbList\",\"@id\":\"https:\/\/siemexico.mx\/?page_id=61#breadcrumb\",\"itemListElement\":[{\"@type\":\"ListItem\",\"position\":1,\"name\":\"Portada\",\"item\":\"https:\/\/siemexico.mx\/\"},{\"@type\":\"ListItem\",\"position\":2,\"name\":\"\u00bfQuienes Somos?\"}]},{\"@type\":\"WebSite\",\"@id\":\"https:\/\/siemexico.mx\/#website\",\"url\":\"https:\/\/siemexico.mx\/\",\"name\":\"https:\/\/siemexico.mx\/\",\"description\":\"Instituto Mexicano de Estrategias\",\"potentialAction\":[{\"@type\":\"SearchAction\",\"target\":{\"@type\":\"EntryPoint\",\"urlTemplate\":\"https:\/\/siemexico.mx\/?s={search_term_string}\"},\"query-input\":{\"@type\":\"PropertyValueSpecification\",\"valueRequired\":true,\"valueName\":\"search_term_string\"}}],\"inLanguage\":\"es\"}]}<\/script>\n<!-- \/ Yoast SEO plugin. -->","yoast_head_json":{"title":"\u00bfQuienes Somos? - https:\/\/siemexico.mx\/","robots":{"index":"index","follow":"follow","max-snippet":"max-snippet:-1","max-image-preview":"max-image-preview:large","max-video-preview":"max-video-preview:-1"},"canonical":"https:\/\/siemexico.mx\/?page_id=61","og_locale":"es_ES","og_type":"article","og_title":"\u00bfQuienes Somos? - https:\/\/siemexico.mx\/","og_url":"https:\/\/siemexico.mx\/?page_id=61","og_site_name":"https:\/\/siemexico.mx\/","article_modified_time":"2023-02-02T14:30:25+00:00","og_image":[{"url":"https:\/\/www.imemexico.com\/img\/nosotros.jpg","type":"","width":"","height":""}],"twitter_card":"summary_large_image","twitter_misc":{"Tiempo de lectura":"4 minutos"},"schema":{"@context":"https:\/\/schema.org","@graph":[{"@type":"WebPage","@id":"https:\/\/siemexico.mx\/?page_id=61","url":"https:\/\/siemexico.mx\/?page_id=61","name":"\u00bfQuienes Somos? - https:\/\/siemexico.mx\/","isPartOf":{"@id":"https:\/\/siemexico.mx\/#website"},"primaryImageOfPage":{"@id":"https:\/\/siemexico.mx\/?page_id=61#primaryimage"},"image":{"@id":"https:\/\/siemexico.mx\/?page_id=61#primaryimage"},"thumbnailUrl":"https:\/\/www.imemexico.com\/img\/nosotros.jpg","datePublished":"2014-05-31T20:46:51+00:00","dateModified":"2023-02-02T14:30:25+00:00","breadcrumb":{"@id":"https:\/\/siemexico.mx\/?page_id=61#breadcrumb"},"inLanguage":"es","potentialAction":[{"@type":"ReadAction","target":["https:\/\/siemexico.mx\/?page_id=61"]}]},{"@type":"ImageObject","inLanguage":"es","@id":"https:\/\/siemexico.mx\/?page_id=61#primaryimage","url":"https:\/\/www.imemexico.com\/img\/nosotros.jpg","contentUrl":"https:\/\/www.imemexico.com\/img\/nosotros.jpg"},{"@type":"BreadcrumbList","@id":"https:\/\/siemexico.mx\/?page_id=61#breadcrumb","itemListElement":[{"@type":"ListItem","position":1,"name":"Portada","item":"https:\/\/siemexico.mx\/"},{"@type":"ListItem","position":2,"name":"\u00bfQuienes Somos?"}]},{"@type":"WebSite","@id":"https:\/\/siemexico.mx\/#website","url":"https:\/\/siemexico.mx\/","name":"https:\/\/siemexico.mx\/","description":"Instituto Mexicano de Estrategias","potentialAction":[{"@type":"SearchAction","target":{"@type":"EntryPoint","urlTemplate":"https:\/\/siemexico.mx\/?s={search_term_string}"},"query-input":{"@type":"PropertyValueSpecification","valueRequired":true,"valueName":"search_term_string"}}],"inLanguage":"es"}]}},"_links":{"self":[{"href":"https:\/\/siemexico.mx\/index.php?rest_route=\/wp\/v2\/pages\/61","targetHints":{"allow":["GET"]}}],"collection":[{"href":"https:\/\/siemexico.mx\/index.php?rest_route=\/wp\/v2\/pages"}],"about":[{"href":"https:\/\/siemexico.mx\/index.php?rest_route=\/wp\/v2\/types\/page"}],"author":[{"embeddable":true,"href":"https:\/\/siemexico.mx\/index.php?rest_route=\/wp\/v2\/users\/1"}],"replies":[{"embeddable":true,"href":"https:\/\/siemexico.mx\/index.php?rest_route=%2Fwp%2Fv2%2Fcomments&post=61"}],"version-history":[{"count":19,"href":"https:\/\/siemexico.mx\/index.php?rest_route=\/wp\/v2\/pages\/61\/revisions"}],"predecessor-version":[{"id":8531,"href":"https:\/\/siemexico.mx\/index.php?rest_route=\/wp\/v2\/pages\/61\/revisions\/8531"}],"wp:attachment":[{"href":"https:\/\/siemexico.mx\/index.php?rest_route=%2Fwp%2Fv2%2Fmedia&parent=61"}],"curies":[{"name":"wp","href":"https:\/\/api.w.org\/{rel}","templated":true}]}}