{"id":9253,"date":"2025-03-18T10:55:10","date_gmt":"2025-03-18T16:55:10","guid":{"rendered":"https:\/\/siemexico.mx\/?page_id=9253"},"modified":"2025-06-20T09:04:17","modified_gmt":"2025-06-20T15:04:17","slug":"objetivos","status":"publish","type":"page","link":"https:\/\/siemexico.mx\/?page_id=9253","title":{"rendered":"Objetivos"},"content":{"rendered":"\t\t<div data-elementor-type=\"wp-page\" data-elementor-id=\"9253\" class=\"elementor elementor-9253\" data-elementor-post-type=\"page\">\n\t\t\t\t<div class=\"wd-negative-gap elementor-element elementor-element-a18957f wd-section-stretch e-flex e-con-boxed e-con e-parent\" data-id=\"a18957f\" data-element_type=\"container\" data-settings=\"{&quot;background_background&quot;:&quot;classic&quot;}\">\n\t\t\t\t\t<div class=\"e-con-inner\">\n\t\t<div class=\"elementor-element elementor-element-be8a267 e-con-full e-flex e-con e-child\" data-id=\"be8a267\" data-element_type=\"container\">\n\t\t\t\t<div class=\"elementor-element elementor-element-73781ed elementor-widget elementor-widget-heading\" data-id=\"73781ed\" data-element_type=\"widget\" data-widget_type=\"heading.default\">\n\t\t\t\t<div class=\"elementor-widget-container\">\n\t\t\t\t\t<p class=\"elementor-heading-title elementor-size-default\">SIE M\u00e9xico<\/p>\t\t\t\t<\/div>\n\t\t\t\t<\/div>\n\t\t\t\t<div class=\"elementor-element elementor-element-4df9f70 elementor-widget elementor-widget-heading\" data-id=\"4df9f70\" data-element_type=\"widget\" data-widget_type=\"heading.default\">\n\t\t\t\t<div class=\"elementor-widget-container\">\n\t\t\t\t\t<h1 class=\"elementor-heading-title elementor-size-default\">Objetivos<\/h1>\t\t\t\t<\/div>\n\t\t\t\t<\/div>\n\t\t\t\t<\/div>\n\t\t\t\t\t<\/div>\n\t\t\t\t<\/div>\n\t\t<div class=\"elementor-element elementor-element-09ad106 wd-section-stretch e-flex e-con-boxed e-con e-parent\" data-id=\"09ad106\" data-element_type=\"container\" data-settings=\"{&quot;background_background&quot;:&quot;classic&quot;}\">\n\t\t\t\t\t<div class=\"e-con-inner\">\n\t\t\t\t<div class=\"elementor-element elementor-element-45ef05d color-scheme-inherit text-left elementor-widget elementor-widget-text-editor\" data-id=\"45ef05d\" data-element_type=\"widget\" data-widget_type=\"text-editor.default\">\n\t\t\t\t<div class=\"elementor-widget-container\">\n\t\t\t\t\t\t\t\t\t<p>El Sistema de Informaci\u00f3n Estrat\u00e9gica\u00a0<strong><em>SIEM\u00e9xico\u00a0<\/em><\/strong>\u00ae, que presentamos, es una respuesta al importante d\u00e9ficit de certidumbre que enfrenta nuestro pa\u00eds, ensanchado por la permanente modificaci\u00f3n de los textos de nuestra Constituci\u00f3n Pol\u00edtica y la legislaci\u00f3n encargada de llevar a la pr\u00e1ctica sus mandatos y directrices, todo ello sin la pausa debida, la evaluaci\u00f3n necesaria o la consolidaci\u00f3n de los instrumentos aplicados.<\/p><p>La reforma permanente de nuestro sistema jur\u00eddico parece ser un proceso de crecimiento sin reflexi\u00f3n, donde una de sus ra\u00edces es la transformaci\u00f3n de nuestra estructura social orientada por un prop\u00f3sito modernizador del Estado que arrastra los problemas ancestrales que no hemos podido resolver.<\/p><p>El\u00a0<strong><em>SIEM\u00e9xico<\/em><\/strong>\u00a0\u00ae permite conocer con claridad esta reforma incesante y saber m\u00e1s acerca de sus tendencias, del esp\u00edritu de los cambios a la Carta constitucional \u00a0as\u00ed como de los mecanismos reglamentarios, poniendo el acento en las directrices de las modificaciones constitucionales que les dieron vida. Para este fin, la informaci\u00f3n presentada se realiza en 3 escenarios diferentes:<\/p><ul><li>El conceptual,<\/li><li>La vinculaci\u00f3n de los propios conceptos y<\/li><li>Los marcos reglamentarios.<\/li><\/ul><p>Todo ello proporciona al\u00a0<strong><em>SIEM\u00e9xico\u00a0<\/em><\/strong>\u00ae, la capacidad de ahondar en el grado de certidumbre jur\u00eddica de los marcos jur\u00eddicos de las pol\u00edticas del gobierno mexicano, indispensable para avanzar como sociedad. La certidumbre jur\u00eddica tiene una doble funci\u00f3n. Es condici\u00f3n para el crecimiento de empresas, mercados y grupos sociales.\u00a0 Es, tambi\u00e9n, la cara de las pol\u00edticas de gobierno que han podido transitar del principio de la legalidad al de la gobernabilidad, al traducirse en regulaciones, programas e instituciones \u00fatiles a la sociedad y respetadas por ella.<\/p><p>As\u00ed, el\u00a0<strong><em>SIEM\u00e9xico\u00a0<\/em><\/strong>\u00ae ofrece una visi\u00f3n amplia y comprensiva del tramo que media entre el deber ser y la realidad, dicho en otras palabras, entre el marco constitucional\u00a0 y las pol\u00edticas de gobierno, para precisar la parte del mecanismo regulatorio que no fue aplicado, es ineficaz o hay que fortalecer.<\/p><p>Ciertamente nuestro esfuerzo de sistematizaci\u00f3n y an\u00e1lisis de los marcos regulatorios es un camino apartado de los tradicionales esquemas de an\u00e1lisis jur\u00eddico pero indispensable para ciudadanos y profesionistas de otras disciplinas en el conocimiento y mejor aprovechamiento de las pol\u00edticas de gobierno en su campo profesional, sus intereses patrimoniales, su n\u00facleo familiar y su visi\u00f3n personal.<\/p><p>Es una realidad\u00a0que los textos constitucionales, los que est\u00e1n en la c\u00faspide de la pir\u00e1mide normativa, son dif\u00edciles de asimilar a\u00fan en esta era de informaci\u00f3n masiva y gobiernos abiertos. \u00a0Su lenguaje especializado, indispensable en la expresi\u00f3n de las normas jur\u00eddicas, no ha sido correspondido con tareas de educaci\u00f3n continua, de material explicativo y de difusi\u00f3n creativa, trayendo como consecuencia que los contenidos sean dif\u00edciles de entender y por lo tanto de respetar y exigir a la ciudadan\u00eda.<\/p><p>Leer y comprender nuestra Carta constitucional no una tarea f\u00e1cil. Lo m\u00e1s importante a nuestro juicio es conocer el proyecto de naci\u00f3n que configura para los mexicanos.\u00a0 Ciertamente cada dos meses en promedio se reforma desde 1917 alguno de los art\u00edculos constitucionales, pero ello no altera sus grandes principios, aspiraciones sociales ni el modelo econ\u00f3mico aceptado.<\/p><p>Todos estos planteamientos dieron origen a los siguientes apartados de nuestra p\u00e1gina web:<\/p><p><strong>Noticias y an\u00e1lisis.\u00a0<\/strong>\u00a0Los eventos y medidas notables del gobierno federal.<\/p><p><strong>Grandes decisiones constitucionales.\u00a0<\/strong>Organiza los conceptos constitucionales m\u00e1s relevantes de acuerdo a los grandes principios o decisiones de la Carta Magna, para percibir mejor el estado de Derecho y la certidumbre jur\u00eddica del pa\u00eds.<\/p><p><strong>Conceptos constitucionales.<\/strong>\u00a0 Se explican los 200 preceptos de la Carta constitucional de mayor relevancia, ampliamente documentados, con sus antecedentes, reformas, r\u00e9gimen reglamentario y vinculaci\u00f3n conceptual.\u00a0 Esta vinculaci\u00f3n extiende la perspectiva de visi\u00f3n al correlacionar los conceptos entre s\u00ed mediante nuestro cat\u00e1logo especializado (thesaurus).<\/p><p><strong>Pol\u00edticas de Gobierno.\u00a0<\/strong>\u00a0Presenta la legislaci\u00f3n federal vigente en las 31 pol\u00edticas de gobierno que dan forma a los mecanismos de regulaci\u00f3n y aplicaci\u00f3n en los diferentes \u00f3rdenes de la actividad social, productiva y pol\u00edtica del pa\u00eds.\u00a0 Los ordenamientos se presentan mediante un comprensible m\u00e9todo de clasificaci\u00f3n.\u00a0 Un grupo de indicadores cuantitativos, ofrece escenarios acerca de la certidumbre jur\u00eddica que otorgan las pol\u00edticas de gobierno.<\/p><p>La certidumbre es ante todo conocimiento. En el terreno del Derecho supone que los actores de la vida social y los agentes econ\u00f3micos, saben y conf\u00edan sus inversiones, su patrimonio y sus ingresos a la legislaci\u00f3n que les protege y facilite asumir riesgos inherentes a los mercados y a los comportamientos del mundo globalizado. En este escenario de gran intensidad de cambios y de expansi\u00f3n de las pol\u00edticas de gobierno, hemos desarrollado modalidades de medici\u00f3n de la certidumbre jur\u00eddica, que ahora ponemos a su disposici\u00f3n.<\/p><p>Alejandro Sp\u00edndola Y\u00e1\u00f1ez<br \/>Director General del\u00a0<em>SIEM\u00e9xico<\/em><\/p>\t\t\t\t\t\t\t\t<\/div>\n\t\t\t\t<\/div>\n\t\t\t\t\t<\/div>\n\t\t\t\t<\/div>\n\t\t\t\t<\/div>\n\t\t","protected":false},"excerpt":{"rendered":"<p>SIE M\u00e9xico Objetivos El Sistema de Informaci\u00f3n Estrat\u00e9gica\u00a0SIEM\u00e9xico\u00a0\u00ae, que presentamos, es una respuesta al importante d\u00e9ficit de certidumbre que enfrenta<\/p>\n","protected":false},"author":2,"featured_media":0,"parent":0,"menu_order":0,"comment_status":"closed","ping_status":"closed","template":"","meta":{"_acf_changed":false,"footnotes":""},"class_list":["post-9253","page","type-page","status-publish","hentry"],"acf":[],"yoast_head":"<!-- This site is optimized with the Yoast SEO plugin v26.6 - https:\/\/yoast.com\/wordpress\/plugins\/seo\/ -->\n<title>Objetivos - https:\/\/siemexico.mx\/<\/title>\n<meta name=\"robots\" content=\"index, follow, max-snippet:-1, max-image-preview:large, max-video-preview:-1\" \/>\n<link rel=\"canonical\" href=\"https:\/\/siemexico.mx\/?page_id=9253\" \/>\n<meta property=\"og:locale\" content=\"es_ES\" \/>\n<meta property=\"og:type\" content=\"article\" \/>\n<meta property=\"og:title\" content=\"Objetivos - https:\/\/siemexico.mx\/\" \/>\n<meta property=\"og:description\" content=\"SIE M\u00e9xico Objetivos El Sistema de Informaci\u00f3n Estrat\u00e9gica\u00a0SIEM\u00e9xico\u00a0\u00ae, que presentamos, es una respuesta al importante d\u00e9ficit de certidumbre que enfrenta\" \/>\n<meta property=\"og:url\" content=\"https:\/\/siemexico.mx\/?page_id=9253\" \/>\n<meta property=\"og:site_name\" content=\"https:\/\/siemexico.mx\/\" \/>\n<meta property=\"article:modified_time\" content=\"2025-06-20T15:04:17+00:00\" \/>\n<meta name=\"twitter:card\" content=\"summary_large_image\" \/>\n<meta name=\"twitter:label1\" content=\"Tiempo de lectura\" \/>\n\t<meta name=\"twitter:data1\" content=\"4 minutos\" \/>\n<script type=\"application\/ld+json\" class=\"yoast-schema-graph\">{\"@context\":\"https:\/\/schema.org\",\"@graph\":[{\"@type\":\"WebPage\",\"@id\":\"https:\/\/siemexico.mx\/?page_id=9253\",\"url\":\"https:\/\/siemexico.mx\/?page_id=9253\",\"name\":\"Objetivos - https:\/\/siemexico.mx\/\",\"isPartOf\":{\"@id\":\"https:\/\/siemexico.mx\/#website\"},\"datePublished\":\"2025-03-18T16:55:10+00:00\",\"dateModified\":\"2025-06-20T15:04:17+00:00\",\"breadcrumb\":{\"@id\":\"https:\/\/siemexico.mx\/?page_id=9253#breadcrumb\"},\"inLanguage\":\"es\",\"potentialAction\":[{\"@type\":\"ReadAction\",\"target\":[\"https:\/\/siemexico.mx\/?page_id=9253\"]}]},{\"@type\":\"BreadcrumbList\",\"@id\":\"https:\/\/siemexico.mx\/?page_id=9253#breadcrumb\",\"itemListElement\":[{\"@type\":\"ListItem\",\"position\":1,\"name\":\"Portada\",\"item\":\"https:\/\/siemexico.mx\/\"},{\"@type\":\"ListItem\",\"position\":2,\"name\":\"Objetivos\"}]},{\"@type\":\"WebSite\",\"@id\":\"https:\/\/siemexico.mx\/#website\",\"url\":\"https:\/\/siemexico.mx\/\",\"name\":\"https:\/\/siemexico.mx\/\",\"description\":\"Instituto Mexicano de Estrategias\",\"potentialAction\":[{\"@type\":\"SearchAction\",\"target\":{\"@type\":\"EntryPoint\",\"urlTemplate\":\"https:\/\/siemexico.mx\/?s={search_term_string}\"},\"query-input\":{\"@type\":\"PropertyValueSpecification\",\"valueRequired\":true,\"valueName\":\"search_term_string\"}}],\"inLanguage\":\"es\"}]}<\/script>\n<!-- \/ Yoast SEO plugin. -->","yoast_head_json":{"title":"Objetivos - https:\/\/siemexico.mx\/","robots":{"index":"index","follow":"follow","max-snippet":"max-snippet:-1","max-image-preview":"max-image-preview:large","max-video-preview":"max-video-preview:-1"},"canonical":"https:\/\/siemexico.mx\/?page_id=9253","og_locale":"es_ES","og_type":"article","og_title":"Objetivos - https:\/\/siemexico.mx\/","og_description":"SIE M\u00e9xico Objetivos El Sistema de Informaci\u00f3n Estrat\u00e9gica\u00a0SIEM\u00e9xico\u00a0\u00ae, que presentamos, es una respuesta al importante d\u00e9ficit de certidumbre que enfrenta","og_url":"https:\/\/siemexico.mx\/?page_id=9253","og_site_name":"https:\/\/siemexico.mx\/","article_modified_time":"2025-06-20T15:04:17+00:00","twitter_card":"summary_large_image","twitter_misc":{"Tiempo de lectura":"4 minutos"},"schema":{"@context":"https:\/\/schema.org","@graph":[{"@type":"WebPage","@id":"https:\/\/siemexico.mx\/?page_id=9253","url":"https:\/\/siemexico.mx\/?page_id=9253","name":"Objetivos - https:\/\/siemexico.mx\/","isPartOf":{"@id":"https:\/\/siemexico.mx\/#website"},"datePublished":"2025-03-18T16:55:10+00:00","dateModified":"2025-06-20T15:04:17+00:00","breadcrumb":{"@id":"https:\/\/siemexico.mx\/?page_id=9253#breadcrumb"},"inLanguage":"es","potentialAction":[{"@type":"ReadAction","target":["https:\/\/siemexico.mx\/?page_id=9253"]}]},{"@type":"BreadcrumbList","@id":"https:\/\/siemexico.mx\/?page_id=9253#breadcrumb","itemListElement":[{"@type":"ListItem","position":1,"name":"Portada","item":"https:\/\/siemexico.mx\/"},{"@type":"ListItem","position":2,"name":"Objetivos"}]},{"@type":"WebSite","@id":"https:\/\/siemexico.mx\/#website","url":"https:\/\/siemexico.mx\/","name":"https:\/\/siemexico.mx\/","description":"Instituto Mexicano de Estrategias","potentialAction":[{"@type":"SearchAction","target":{"@type":"EntryPoint","urlTemplate":"https:\/\/siemexico.mx\/?s={search_term_string}"},"query-input":{"@type":"PropertyValueSpecification","valueRequired":true,"valueName":"search_term_string"}}],"inLanguage":"es"}]}},"_links":{"self":[{"href":"https:\/\/siemexico.mx\/index.php?rest_route=\/wp\/v2\/pages\/9253","targetHints":{"allow":["GET"]}}],"collection":[{"href":"https:\/\/siemexico.mx\/index.php?rest_route=\/wp\/v2\/pages"}],"about":[{"href":"https:\/\/siemexico.mx\/index.php?rest_route=\/wp\/v2\/types\/page"}],"author":[{"embeddable":true,"href":"https:\/\/siemexico.mx\/index.php?rest_route=\/wp\/v2\/users\/2"}],"replies":[{"embeddable":true,"href":"https:\/\/siemexico.mx\/index.php?rest_route=%2Fwp%2Fv2%2Fcomments&post=9253"}],"version-history":[{"count":22,"href":"https:\/\/siemexico.mx\/index.php?rest_route=\/wp\/v2\/pages\/9253\/revisions"}],"predecessor-version":[{"id":10035,"href":"https:\/\/siemexico.mx\/index.php?rest_route=\/wp\/v2\/pages\/9253\/revisions\/10035"}],"wp:attachment":[{"href":"https:\/\/siemexico.mx\/index.php?rest_route=%2Fwp%2Fv2%2Fmedia&parent=9253"}],"curies":[{"name":"wp","href":"https:\/\/api.w.org\/{rel}","templated":true}]}}