{"id":9256,"date":"2025-03-18T10:55:36","date_gmt":"2025-03-18T16:55:36","guid":{"rendered":"https:\/\/siemexico.mx\/?page_id=9256"},"modified":"2025-06-20T09:08:40","modified_gmt":"2025-06-20T15:08:40","slug":"grandes-decisiones","status":"publish","type":"page","link":"https:\/\/siemexico.mx\/?page_id=9256","title":{"rendered":"Grandes decisiones"},"content":{"rendered":"\t\t<div data-elementor-type=\"wp-page\" data-elementor-id=\"9256\" class=\"elementor elementor-9256\" data-elementor-post-type=\"page\">\n\t\t\t\t<div class=\"wd-negative-gap elementor-element elementor-element-093c07f wd-section-stretch e-flex e-con-boxed e-con e-parent\" data-id=\"093c07f\" data-element_type=\"container\" data-settings=\"{&quot;background_background&quot;:&quot;classic&quot;}\">\n\t\t\t\t\t<div class=\"e-con-inner\">\n\t\t<div class=\"elementor-element elementor-element-c91fe99 e-con-full e-flex e-con e-child\" data-id=\"c91fe99\" data-element_type=\"container\">\n\t\t\t\t<div class=\"elementor-element elementor-element-672e894 elementor-widget elementor-widget-heading\" data-id=\"672e894\" data-element_type=\"widget\" data-widget_type=\"heading.default\">\n\t\t\t\t<div class=\"elementor-widget-container\">\n\t\t\t\t\t<p class=\"elementor-heading-title elementor-size-default\">SIE M\u00e9xico<\/p>\t\t\t\t<\/div>\n\t\t\t\t<\/div>\n\t\t\t\t<div class=\"elementor-element elementor-element-ea33ac8 elementor-widget elementor-widget-heading\" data-id=\"ea33ac8\" data-element_type=\"widget\" data-widget_type=\"heading.default\">\n\t\t\t\t<div class=\"elementor-widget-container\">\n\t\t\t\t\t<h1 class=\"elementor-heading-title elementor-size-default\">Grandes decisiones\n<\/h1>\t\t\t\t<\/div>\n\t\t\t\t<\/div>\n\t\t\t\t<\/div>\n\t\t\t\t\t<\/div>\n\t\t\t\t<\/div>\n\t\t<div class=\"elementor-element elementor-element-9d24799 wd-section-stretch e-flex e-con-boxed e-con e-parent\" data-id=\"9d24799\" data-element_type=\"container\" data-settings=\"{&quot;background_background&quot;:&quot;classic&quot;}\">\n\t\t\t\t\t<div class=\"e-con-inner\">\n\t\t\t\t<div class=\"elementor-element elementor-element-9145ae9 color-scheme-inherit text-left elementor-widget elementor-widget-text-editor\" data-id=\"9145ae9\" data-element_type=\"widget\" data-widget_type=\"text-editor.default\">\n\t\t\t\t<div class=\"elementor-widget-container\">\n\t\t\t\t\t\t\t\t\t<p>Nuestra Constituci\u00f3n Pol\u00edtica es la referencia documental m\u00e1s importante para los mexicanos, precisamente porque en ella convergen las partes destacadas de su vida colectiva: los ideales, las reglas para vivir en armon\u00eda y paz, y los derechos que nos hacen libres, racionales, solidarios y nos preparan para recibir el futuro con optimismo y esperanza.<\/p><p>Es un recept\u00e1culo de aspiraciones sociales, un proyecto nacional (con objetivos y directrices para lograrlos) y tambi\u00e9n un esquema de organizaci\u00f3n gubernamental con instituciones e instrumentos de gobierno, todos ellos en constante evoluci\u00f3n e inmersos en una carrera por hacer que el derecho sea el principal factor de orientaci\u00f3n de nuestra sociedad y no s\u00f3lo un organismo que se acomoda a la realidad y a la presi\u00f3n de sus fuerzas e intereses.<\/p><p>Nuestra Constituci\u00f3n Pol\u00edtica vigente, oculta entre las l\u00edneas de su texto innumerables sucesos y procesos de nuestra vida colectiva que debemos tener siempre presentes. Es el resultado del talento de los mejores pensadores sociales que ha dado nuestro sistema de representaci\u00f3n a la vida independiente y contempor\u00e1nea de M\u00e9xico y cuyos momentos culminantes afloraron en 1814, 1824, 1857, 1917 y en ciertos tramos del per\u00edodo globalizador que vivimos, s\u00f3lo para mencionar algunos de los eventos m\u00e1s destacados.<\/p><p>Para entender mejor este crisol de grandes decisiones y significados, organizamos los conceptos en los grandes temas se\u00f1alados como decisiones pol\u00edticas fundamentales:<\/p><ol><li>Derechos humanos.<\/li><li>Divisi\u00f3n de poderes.<\/li><li>Estado Federal.<\/li><li>Justicia constitucional.<\/li><li>Rector\u00eda econ\u00f3mica.<\/li><li>Separaci\u00f3n Estado-iglesia.<\/li><li>Sistema representativo.<\/li><li>Soberan\u00eda.<\/li><\/ol><p>La organizaci\u00f3n de conceptos se presenta en forma de diagramas destinados a hacer lo m\u00e1s claro posible el texto constitucional, que tanto necesita conocer el ciudadano com\u00fan.<\/p>\t\t\t\t\t\t\t\t<\/div>\n\t\t\t\t<\/div>\n\t\t\t\t\t<\/div>\n\t\t\t\t<\/div>\n\t\t\t\t<\/div>\n\t\t","protected":false},"excerpt":{"rendered":"<p>SIE M\u00e9xico Grandes decisiones Nuestra Constituci\u00f3n Pol\u00edtica es la referencia documental m\u00e1s importante para los mexicanos, precisamente porque en ella<\/p>\n","protected":false},"author":2,"featured_media":0,"parent":0,"menu_order":0,"comment_status":"closed","ping_status":"closed","template":"","meta":{"_acf_changed":false,"footnotes":""},"class_list":["post-9256","page","type-page","status-publish","hentry"],"acf":[],"yoast_head":"<!-- This site is optimized with the Yoast SEO plugin v26.6 - https:\/\/yoast.com\/wordpress\/plugins\/seo\/ -->\n<title>Grandes decisiones - https:\/\/siemexico.mx\/<\/title>\n<meta name=\"robots\" content=\"index, follow, max-snippet:-1, max-image-preview:large, max-video-preview:-1\" \/>\n<link rel=\"canonical\" href=\"https:\/\/siemexico.mx\/?page_id=9256\" \/>\n<meta property=\"og:locale\" content=\"es_ES\" \/>\n<meta property=\"og:type\" content=\"article\" \/>\n<meta property=\"og:title\" content=\"Grandes decisiones - https:\/\/siemexico.mx\/\" \/>\n<meta property=\"og:description\" content=\"SIE M\u00e9xico Grandes decisiones Nuestra Constituci\u00f3n Pol\u00edtica es la referencia documental m\u00e1s importante para los mexicanos, precisamente porque en ella\" \/>\n<meta property=\"og:url\" content=\"https:\/\/siemexico.mx\/?page_id=9256\" \/>\n<meta property=\"og:site_name\" content=\"https:\/\/siemexico.mx\/\" \/>\n<meta property=\"article:modified_time\" content=\"2025-06-20T15:08:40+00:00\" \/>\n<meta name=\"twitter:card\" content=\"summary_large_image\" \/>\n<meta name=\"twitter:label1\" content=\"Tiempo de lectura\" \/>\n\t<meta name=\"twitter:data1\" content=\"1 minuto\" \/>\n<script type=\"application\/ld+json\" class=\"yoast-schema-graph\">{\"@context\":\"https:\/\/schema.org\",\"@graph\":[{\"@type\":\"WebPage\",\"@id\":\"https:\/\/siemexico.mx\/?page_id=9256\",\"url\":\"https:\/\/siemexico.mx\/?page_id=9256\",\"name\":\"Grandes decisiones - https:\/\/siemexico.mx\/\",\"isPartOf\":{\"@id\":\"https:\/\/siemexico.mx\/#website\"},\"datePublished\":\"2025-03-18T16:55:36+00:00\",\"dateModified\":\"2025-06-20T15:08:40+00:00\",\"breadcrumb\":{\"@id\":\"https:\/\/siemexico.mx\/?page_id=9256#breadcrumb\"},\"inLanguage\":\"es\",\"potentialAction\":[{\"@type\":\"ReadAction\",\"target\":[\"https:\/\/siemexico.mx\/?page_id=9256\"]}]},{\"@type\":\"BreadcrumbList\",\"@id\":\"https:\/\/siemexico.mx\/?page_id=9256#breadcrumb\",\"itemListElement\":[{\"@type\":\"ListItem\",\"position\":1,\"name\":\"Portada\",\"item\":\"https:\/\/siemexico.mx\/\"},{\"@type\":\"ListItem\",\"position\":2,\"name\":\"Grandes decisiones\"}]},{\"@type\":\"WebSite\",\"@id\":\"https:\/\/siemexico.mx\/#website\",\"url\":\"https:\/\/siemexico.mx\/\",\"name\":\"https:\/\/siemexico.mx\/\",\"description\":\"Instituto Mexicano de Estrategias\",\"potentialAction\":[{\"@type\":\"SearchAction\",\"target\":{\"@type\":\"EntryPoint\",\"urlTemplate\":\"https:\/\/siemexico.mx\/?s={search_term_string}\"},\"query-input\":{\"@type\":\"PropertyValueSpecification\",\"valueRequired\":true,\"valueName\":\"search_term_string\"}}],\"inLanguage\":\"es\"}]}<\/script>\n<!-- \/ Yoast SEO plugin. -->","yoast_head_json":{"title":"Grandes decisiones - https:\/\/siemexico.mx\/","robots":{"index":"index","follow":"follow","max-snippet":"max-snippet:-1","max-image-preview":"max-image-preview:large","max-video-preview":"max-video-preview:-1"},"canonical":"https:\/\/siemexico.mx\/?page_id=9256","og_locale":"es_ES","og_type":"article","og_title":"Grandes decisiones - https:\/\/siemexico.mx\/","og_description":"SIE M\u00e9xico Grandes decisiones Nuestra Constituci\u00f3n Pol\u00edtica es la referencia documental m\u00e1s importante para los mexicanos, precisamente porque en ella","og_url":"https:\/\/siemexico.mx\/?page_id=9256","og_site_name":"https:\/\/siemexico.mx\/","article_modified_time":"2025-06-20T15:08:40+00:00","twitter_card":"summary_large_image","twitter_misc":{"Tiempo de lectura":"1 minuto"},"schema":{"@context":"https:\/\/schema.org","@graph":[{"@type":"WebPage","@id":"https:\/\/siemexico.mx\/?page_id=9256","url":"https:\/\/siemexico.mx\/?page_id=9256","name":"Grandes decisiones - https:\/\/siemexico.mx\/","isPartOf":{"@id":"https:\/\/siemexico.mx\/#website"},"datePublished":"2025-03-18T16:55:36+00:00","dateModified":"2025-06-20T15:08:40+00:00","breadcrumb":{"@id":"https:\/\/siemexico.mx\/?page_id=9256#breadcrumb"},"inLanguage":"es","potentialAction":[{"@type":"ReadAction","target":["https:\/\/siemexico.mx\/?page_id=9256"]}]},{"@type":"BreadcrumbList","@id":"https:\/\/siemexico.mx\/?page_id=9256#breadcrumb","itemListElement":[{"@type":"ListItem","position":1,"name":"Portada","item":"https:\/\/siemexico.mx\/"},{"@type":"ListItem","position":2,"name":"Grandes decisiones"}]},{"@type":"WebSite","@id":"https:\/\/siemexico.mx\/#website","url":"https:\/\/siemexico.mx\/","name":"https:\/\/siemexico.mx\/","description":"Instituto Mexicano de Estrategias","potentialAction":[{"@type":"SearchAction","target":{"@type":"EntryPoint","urlTemplate":"https:\/\/siemexico.mx\/?s={search_term_string}"},"query-input":{"@type":"PropertyValueSpecification","valueRequired":true,"valueName":"search_term_string"}}],"inLanguage":"es"}]}},"_links":{"self":[{"href":"https:\/\/siemexico.mx\/index.php?rest_route=\/wp\/v2\/pages\/9256","targetHints":{"allow":["GET"]}}],"collection":[{"href":"https:\/\/siemexico.mx\/index.php?rest_route=\/wp\/v2\/pages"}],"about":[{"href":"https:\/\/siemexico.mx\/index.php?rest_route=\/wp\/v2\/types\/page"}],"author":[{"embeddable":true,"href":"https:\/\/siemexico.mx\/index.php?rest_route=\/wp\/v2\/users\/2"}],"replies":[{"embeddable":true,"href":"https:\/\/siemexico.mx\/index.php?rest_route=%2Fwp%2Fv2%2Fcomments&post=9256"}],"version-history":[{"count":16,"href":"https:\/\/siemexico.mx\/index.php?rest_route=\/wp\/v2\/pages\/9256\/revisions"}],"predecessor-version":[{"id":10038,"href":"https:\/\/siemexico.mx\/index.php?rest_route=\/wp\/v2\/pages\/9256\/revisions\/10038"}],"wp:attachment":[{"href":"https:\/\/siemexico.mx\/index.php?rest_route=%2Fwp%2Fv2%2Fmedia&parent=9256"}],"curies":[{"name":"wp","href":"https:\/\/api.w.org\/{rel}","templated":true}]}}