{"id":9263,"date":"2025-03-18T10:57:00","date_gmt":"2025-03-18T16:57:00","guid":{"rendered":"https:\/\/siemexico.mx\/?page_id=9263"},"modified":"2025-06-20T09:08:45","modified_gmt":"2025-06-20T15:08:45","slug":"politicas-de-gobierno","status":"publish","type":"page","link":"https:\/\/siemexico.mx\/?page_id=9263","title":{"rendered":"Pol\u00edticas de gobierno 2025"},"content":{"rendered":"\t\t<div data-elementor-type=\"wp-page\" data-elementor-id=\"9263\" class=\"elementor elementor-9263\" data-elementor-post-type=\"page\">\n\t\t\t\t<div class=\"wd-negative-gap elementor-element elementor-element-b7f285a wd-section-stretch e-flex e-con-boxed e-con e-parent\" data-id=\"b7f285a\" data-element_type=\"container\" data-settings=\"{&quot;background_background&quot;:&quot;classic&quot;}\">\n\t\t\t\t\t<div class=\"e-con-inner\">\n\t\t<div class=\"elementor-element elementor-element-a822a14 e-con-full e-flex e-con e-child\" data-id=\"a822a14\" data-element_type=\"container\">\n\t\t\t\t<div class=\"elementor-element elementor-element-46dadcb elementor-widget elementor-widget-heading\" data-id=\"46dadcb\" data-element_type=\"widget\" data-widget_type=\"heading.default\">\n\t\t\t\t<div class=\"elementor-widget-container\">\n\t\t\t\t\t<p class=\"elementor-heading-title elementor-size-default\">SIE M\u00e9xico<\/p>\t\t\t\t<\/div>\n\t\t\t\t<\/div>\n\t\t\t\t<div class=\"elementor-element elementor-element-4bc8a74 elementor-widget elementor-widget-heading\" data-id=\"4bc8a74\" data-element_type=\"widget\" data-widget_type=\"heading.default\">\n\t\t\t\t<div class=\"elementor-widget-container\">\n\t\t\t\t\t<h1 class=\"elementor-heading-title elementor-size-default\">Pol\u00edticas de gobierno<\/h1>\t\t\t\t<\/div>\n\t\t\t\t<\/div>\n\t\t\t\t<\/div>\n\t\t\t\t\t<\/div>\n\t\t\t\t<\/div>\n\t\t<div class=\"elementor-element elementor-element-692f734 wd-section-stretch e-flex e-con-boxed e-con e-parent\" data-id=\"692f734\" data-element_type=\"container\" data-settings=\"{&quot;background_background&quot;:&quot;classic&quot;}\">\n\t\t\t\t\t<div class=\"e-con-inner\">\n\t\t\t\t<div class=\"elementor-element elementor-element-3bf2603 color-scheme-inherit text-left elementor-widget elementor-widget-text-editor\" data-id=\"3bf2603\" data-element_type=\"widget\" data-widget_type=\"text-editor.default\">\n\t\t\t\t<div class=\"elementor-widget-container\">\n\t\t\t\t\t\t\t\t\t<p>Despu\u00e9s de 30 a\u00f1os de estudiar las pol\u00edticas de gobierno hemos encontrado la legislaci\u00f3n federal que da forma a sus marcos jur\u00eddicos, as\u00ed como su comportamiento desde 1917. El resultado ha sido la identificaci\u00f3n de las etapas, la velocidad de las reformas, su reglamentaci\u00f3n, su zonificaci\u00f3n, as\u00ed como los vasos comunicantes entre las propias pol\u00edticas.<\/p><p>Esta legislaci\u00f3n, en M\u00e9xico, no ha sido un terreno est\u00e1tico porque est\u00e1 impregnada de constantes y veloces cambios que alteran la seguridad jur\u00eddica que tiene impl\u00edcita. Desde 1970 el cambio en el modelo de desarrollo del pa\u00eds se modific\u00f3 con un alza desproporcionada en la emisi\u00f3n de nuevas regulaciones y cambios al grado de pasar de 1 a 6 ordenamientos promedio emitidos al d\u00eda de hoy, que han sido de trascendencia para alguna pol\u00edtica de gobierno.<\/p><p>Las 31 pol\u00edticas identificadas por el\u00a0<strong><em>SIEM\u00e9xico\u00a0<\/em><\/strong>\u00ae son las siguientes:<\/p><p>[toggle style=\u201dclosed\u201d title=\u201dPoliticas econ\u00f3micas\u201d]<\/p><ul><li>Pol\u00edtica macroecon\u00f3mica<\/li><li>Pol\u00edtica hacendaria<\/li><li>Pol\u00edtica agropecuaria y forestal<\/li><li>Pol\u00edtica de pesca<\/li><li>Pol\u00edtica de energ\u00e9ticos<\/li><li>Pol\u00edtica industrial<\/li><li>Pol\u00edtica de comunicaciones y transportes<\/li><li>Pol\u00edtica de regulaci\u00f3n del mercado<\/li><li>Pol\u00edtica de turismo<\/li><li>Pol\u00edtica cient\u00edfica y tecnol\u00f3gica<\/li><li>Pol\u00edtica financiera<\/li><li>Pol\u00edtica de comercio interior<\/li><li>Pol\u00edtica de comercio exterior<\/li><li>Pol\u00edtica de desarrollo regional<\/li><\/ul><p>[\/toggle]<\/p><p>[toggle style=\u201dclosed\u201d title=\u201dPoliticas\u201d]<\/p><ul><li>\u00a0Pol\u00edtica exterior<\/li><li>Pol\u00edtica de defensa y seguridad nacional<\/li><li>Pol\u00edtica mar\u00edtima<\/li><li>Pol\u00edtica de conducci\u00f3n de gobierno<\/li><li>Pol\u00edtica agraria<\/li><li>Pol\u00edtica de administraci\u00f3n p\u00fablica<\/li><li>Pol\u00edtica de comunicaci\u00f3n social<\/li><\/ul><p>[\/toggle]<\/p><p>[toggle style=\u201dclosed\u201d title=\u201dPoliticas sociales\u201d]<\/p><ul><li>Pol\u00edtica de salud<\/li><li>Pol\u00edtica de seguridad social<\/li><li>Pol\u00edtica laboral<\/li><li>Pol\u00edtica educativa<\/li><li>Pol\u00edtica cultural<\/li><li>Pol\u00edtica de justicia y seguridad p\u00fablica<\/li><li>Pol\u00edtica ecol\u00f3gica<\/li><li>Pol\u00edtica penal<\/li><li>Pol\u00edtica civil<\/li><li>Pol\u00edtica demogr\u00e1fica<\/li><\/ul><p>[\/toggle]<\/p><p>Cada una de estas pol\u00edticas tiene campos espec\u00edficos que se pueden consultar en la pesta\u00f1a Nuestro \u00e1mbito de acci\u00f3n o en el apartado de cada pol\u00edtica.<\/p>\t\t\t\t\t\t\t\t<\/div>\n\t\t\t\t<\/div>\n\t\t\t\t\t<\/div>\n\t\t\t\t<\/div>\n\t\t\t\t<\/div>\n\t\t","protected":false},"excerpt":{"rendered":"<p>SIE M\u00e9xico Pol\u00edticas de gobierno Despu\u00e9s de 30 a\u00f1os de estudiar las pol\u00edticas de gobierno hemos encontrado la legislaci\u00f3n federal<\/p>\n","protected":false},"author":2,"featured_media":0,"parent":0,"menu_order":0,"comment_status":"closed","ping_status":"closed","template":"","meta":{"_acf_changed":false,"footnotes":""},"class_list":["post-9263","page","type-page","status-publish","hentry"],"acf":[],"yoast_head":"<!-- This site is optimized with the Yoast SEO plugin v26.6 - https:\/\/yoast.com\/wordpress\/plugins\/seo\/ -->\n<title>Pol\u00edticas de gobierno 2025 - https:\/\/siemexico.mx\/<\/title>\n<meta name=\"robots\" content=\"index, follow, max-snippet:-1, max-image-preview:large, max-video-preview:-1\" \/>\n<link rel=\"canonical\" href=\"https:\/\/siemexico.mx\/?page_id=9263\" \/>\n<meta property=\"og:locale\" content=\"es_ES\" \/>\n<meta property=\"og:type\" content=\"article\" \/>\n<meta property=\"og:title\" content=\"Pol\u00edticas de gobierno 2025 - https:\/\/siemexico.mx\/\" \/>\n<meta property=\"og:description\" content=\"SIE M\u00e9xico Pol\u00edticas de gobierno Despu\u00e9s de 30 a\u00f1os de estudiar las pol\u00edticas de gobierno hemos encontrado la legislaci\u00f3n federal\" \/>\n<meta property=\"og:url\" content=\"https:\/\/siemexico.mx\/?page_id=9263\" \/>\n<meta property=\"og:site_name\" content=\"https:\/\/siemexico.mx\/\" \/>\n<meta property=\"article:modified_time\" content=\"2025-06-20T15:08:45+00:00\" \/>\n<meta name=\"twitter:card\" content=\"summary_large_image\" \/>\n<meta name=\"twitter:label1\" content=\"Tiempo de lectura\" \/>\n\t<meta name=\"twitter:data1\" content=\"2 minutos\" \/>\n<script type=\"application\/ld+json\" class=\"yoast-schema-graph\">{\"@context\":\"https:\/\/schema.org\",\"@graph\":[{\"@type\":\"WebPage\",\"@id\":\"https:\/\/siemexico.mx\/?page_id=9263\",\"url\":\"https:\/\/siemexico.mx\/?page_id=9263\",\"name\":\"Pol\u00edticas de gobierno 2025 - https:\/\/siemexico.mx\/\",\"isPartOf\":{\"@id\":\"https:\/\/siemexico.mx\/#website\"},\"datePublished\":\"2025-03-18T16:57:00+00:00\",\"dateModified\":\"2025-06-20T15:08:45+00:00\",\"breadcrumb\":{\"@id\":\"https:\/\/siemexico.mx\/?page_id=9263#breadcrumb\"},\"inLanguage\":\"es\",\"potentialAction\":[{\"@type\":\"ReadAction\",\"target\":[\"https:\/\/siemexico.mx\/?page_id=9263\"]}]},{\"@type\":\"BreadcrumbList\",\"@id\":\"https:\/\/siemexico.mx\/?page_id=9263#breadcrumb\",\"itemListElement\":[{\"@type\":\"ListItem\",\"position\":1,\"name\":\"Portada\",\"item\":\"https:\/\/siemexico.mx\/\"},{\"@type\":\"ListItem\",\"position\":2,\"name\":\"Pol\u00edticas de gobierno 2025\"}]},{\"@type\":\"WebSite\",\"@id\":\"https:\/\/siemexico.mx\/#website\",\"url\":\"https:\/\/siemexico.mx\/\",\"name\":\"https:\/\/siemexico.mx\/\",\"description\":\"Instituto Mexicano de Estrategias\",\"potentialAction\":[{\"@type\":\"SearchAction\",\"target\":{\"@type\":\"EntryPoint\",\"urlTemplate\":\"https:\/\/siemexico.mx\/?s={search_term_string}\"},\"query-input\":{\"@type\":\"PropertyValueSpecification\",\"valueRequired\":true,\"valueName\":\"search_term_string\"}}],\"inLanguage\":\"es\"}]}<\/script>\n<!-- \/ Yoast SEO plugin. -->","yoast_head_json":{"title":"Pol\u00edticas de gobierno 2025 - https:\/\/siemexico.mx\/","robots":{"index":"index","follow":"follow","max-snippet":"max-snippet:-1","max-image-preview":"max-image-preview:large","max-video-preview":"max-video-preview:-1"},"canonical":"https:\/\/siemexico.mx\/?page_id=9263","og_locale":"es_ES","og_type":"article","og_title":"Pol\u00edticas de gobierno 2025 - https:\/\/siemexico.mx\/","og_description":"SIE M\u00e9xico Pol\u00edticas de gobierno Despu\u00e9s de 30 a\u00f1os de estudiar las pol\u00edticas de gobierno hemos encontrado la legislaci\u00f3n federal","og_url":"https:\/\/siemexico.mx\/?page_id=9263","og_site_name":"https:\/\/siemexico.mx\/","article_modified_time":"2025-06-20T15:08:45+00:00","twitter_card":"summary_large_image","twitter_misc":{"Tiempo de lectura":"2 minutos"},"schema":{"@context":"https:\/\/schema.org","@graph":[{"@type":"WebPage","@id":"https:\/\/siemexico.mx\/?page_id=9263","url":"https:\/\/siemexico.mx\/?page_id=9263","name":"Pol\u00edticas de gobierno 2025 - https:\/\/siemexico.mx\/","isPartOf":{"@id":"https:\/\/siemexico.mx\/#website"},"datePublished":"2025-03-18T16:57:00+00:00","dateModified":"2025-06-20T15:08:45+00:00","breadcrumb":{"@id":"https:\/\/siemexico.mx\/?page_id=9263#breadcrumb"},"inLanguage":"es","potentialAction":[{"@type":"ReadAction","target":["https:\/\/siemexico.mx\/?page_id=9263"]}]},{"@type":"BreadcrumbList","@id":"https:\/\/siemexico.mx\/?page_id=9263#breadcrumb","itemListElement":[{"@type":"ListItem","position":1,"name":"Portada","item":"https:\/\/siemexico.mx\/"},{"@type":"ListItem","position":2,"name":"Pol\u00edticas de gobierno 2025"}]},{"@type":"WebSite","@id":"https:\/\/siemexico.mx\/#website","url":"https:\/\/siemexico.mx\/","name":"https:\/\/siemexico.mx\/","description":"Instituto Mexicano de Estrategias","potentialAction":[{"@type":"SearchAction","target":{"@type":"EntryPoint","urlTemplate":"https:\/\/siemexico.mx\/?s={search_term_string}"},"query-input":{"@type":"PropertyValueSpecification","valueRequired":true,"valueName":"search_term_string"}}],"inLanguage":"es"}]}},"_links":{"self":[{"href":"https:\/\/siemexico.mx\/index.php?rest_route=\/wp\/v2\/pages\/9263","targetHints":{"allow":["GET"]}}],"collection":[{"href":"https:\/\/siemexico.mx\/index.php?rest_route=\/wp\/v2\/pages"}],"about":[{"href":"https:\/\/siemexico.mx\/index.php?rest_route=\/wp\/v2\/types\/page"}],"author":[{"embeddable":true,"href":"https:\/\/siemexico.mx\/index.php?rest_route=\/wp\/v2\/users\/2"}],"replies":[{"embeddable":true,"href":"https:\/\/siemexico.mx\/index.php?rest_route=%2Fwp%2Fv2%2Fcomments&post=9263"}],"version-history":[{"count":17,"href":"https:\/\/siemexico.mx\/index.php?rest_route=\/wp\/v2\/pages\/9263\/revisions"}],"predecessor-version":[{"id":10041,"href":"https:\/\/siemexico.mx\/index.php?rest_route=\/wp\/v2\/pages\/9263\/revisions\/10041"}],"wp:attachment":[{"href":"https:\/\/siemexico.mx\/index.php?rest_route=%2Fwp%2Fv2%2Fmedia&parent=9263"}],"curies":[{"name":"wp","href":"https:\/\/api.w.org\/{rel}","templated":true}]}}