{"id":10296,"date":"2025-07-30T17:22:31","date_gmt":"2025-07-30T23:22:31","guid":{"rendered":"https:\/\/siemexico.mx\/?post_type=product&#038;p=10296"},"modified":"2025-07-30T17:23:03","modified_gmt":"2025-07-30T23:23:03","slug":"geopolitica-de-las-elecciones","status":"publish","type":"product","link":"https:\/\/siemexico.mx\/?product=geopolitica-de-las-elecciones","title":{"rendered":"Geopol\u00edtica de las Elecciones"},"content":{"rendered":"","protected":false},"excerpt":{"rendered":"<p align=\"justify\"><span style=\"font-family: Segoe UI, serif;\">Los 300 representantes populares de los distritos electorales federales se renovar\u00e1n en las pr\u00f3ximas elecciones como parte de una sustituci\u00f3n general. Para calibrar este proceso pol\u00edtico los hemos escogido porque ellos representan la expresi\u00f3n m\u00e1s genuina de la voluntad popular y de la legitimidad democr\u00e1tica.<\/span><\/p>\n<p align=\"justify\"><span style=\"font-family: Segoe UI, serif;\">En una visi\u00f3n geogr\u00e1fica estos distritos electorales reflejan un amplio caleidoscopio del electorado, por sus necesidades f\u00edsicas e intereses acorde a los recursos naturales a su alcance, ubicaci\u00f3n geogr\u00e1fica y composici\u00f3n \u00e9tnica.<\/span><\/p>\n<p align=\"justify\"><span style=\"font-family: Segoe UI, serif;\">Su marco jur\u00eddico se integra por 31 ordenamientos referidos a reformas constitucionales, leyes reglamentarias, tratados multilaterales, y diversa legislaci\u00f3n de orden administrativo.<\/span><\/p>\n<p align=\"justify\"><span style=\"font-family: Segoe UI, serif;\">La composici\u00f3n del Congreso es resultado, geogr\u00e1ficamente hablando, de la excesiva concentraci\u00f3n demogr\u00e1fica del pa\u00eds en unas cuantas entidades federativas que acaparan una tercera parte de los distritos electorales.<\/span><\/p>\n<p align=\"justify\"><span style=\"font-family: Segoe UI, serif;\">La concentraci\u00f3n de curules, desde la perspectiva geopol\u00edtica, ha sido causa de la desatenci\u00f3n de importantes recursos naturales localizados en todo el territorio de la Federaci\u00f3n.<\/span><\/p>\n<p align=\"justify\"><span style=\"font-family: Segoe UI, serif;\">La desproporcionada representaci\u00f3n popular proveniente de zonas y poblaci\u00f3n urbanas crea un ambiente legislativo acorde a los intereses de su electorado. Se proponen siete lineamientos para aliviar los efectos de esta concentraci\u00f3n y legislar en base a una visi\u00f3n de fortalecimiento del pacto federal.<\/span><\/p>\n<p><span style=\"font-family: Segoe UI, serif;\">Los cap\u00edtulos se vinculan a 9 mapas, 5 gr\u00e1ficas, 1 cuadro estad\u00edstico y 1 tabla din\u00e1mica. Toda la informaci\u00f3n en l\u00ednea.<\/span><\/p>\n","protected":false},"featured_media":10298,"comment_status":"closed","ping_status":"closed","template":"","meta":{"_acf_changed":false},"product_brand":[],"product_cat":[],"product_tag":[],"class_list":{"0":"post-10296","1":"product","2":"type-product","3":"status-publish","4":"has-post-thumbnail","7":"first","8":"instock","9":"downloadable","10":"virtual","11":"taxable","12":"purchasable","13":"product-type-simple"},"acf":[],"yoast_head":"<!-- This site is optimized with the Yoast SEO plugin v26.6 - https:\/\/yoast.com\/wordpress\/plugins\/seo\/ -->\n<title>Geopol\u00edtica de las Elecciones - https:\/\/siemexico.mx\/<\/title>\n<meta name=\"robots\" content=\"index, follow, max-snippet:-1, max-image-preview:large, max-video-preview:-1\" \/>\n<link rel=\"canonical\" href=\"https:\/\/siemexico.mx\/?product=geopolitica-de-las-elecciones\" \/>\n<meta property=\"og:locale\" content=\"es_ES\" \/>\n<meta property=\"og:type\" content=\"article\" \/>\n<meta property=\"og:title\" content=\"Geopol\u00edtica de las Elecciones - https:\/\/siemexico.mx\/\" \/>\n<meta property=\"og:description\" content=\"Los 300 representantes populares de los distritos electorales federales se renovar\u00e1n en las pr\u00f3ximas elecciones como parte de una sustituci\u00f3n general. Para calibrar este proceso pol\u00edtico los hemos escogido porque ellos representan la expresi\u00f3n m\u00e1s genuina de la voluntad popular y de la legitimidad democr\u00e1tica. En una visi\u00f3n geogr\u00e1fica estos distritos electorales reflejan un amplio caleidoscopio del electorado, por sus necesidades f\u00edsicas e intereses acorde a los recursos naturales a su alcance, ubicaci\u00f3n geogr\u00e1fica y composici\u00f3n \u00e9tnica. Su marco jur\u00eddico se integra por 31 ordenamientos referidos a reformas constitucionales, leyes reglamentarias, tratados multilaterales, y diversa legislaci\u00f3n de orden administrativo. La composici\u00f3n del Congreso es resultado, geogr\u00e1ficamente hablando, de la excesiva concentraci\u00f3n demogr\u00e1fica del pa\u00eds en unas cuantas entidades federativas que acaparan una tercera parte de los distritos electorales. La concentraci\u00f3n de curules, desde la perspectiva geopol\u00edtica, ha sido causa de la desatenci\u00f3n de importantes recursos naturales localizados en todo el territorio de la Federaci\u00f3n. La desproporcionada representaci\u00f3n popular proveniente de zonas y poblaci\u00f3n urbanas crea un ambiente legislativo acorde a los intereses de su electorado. Se proponen siete lineamientos para aliviar los efectos de esta concentraci\u00f3n y legislar en base a una visi\u00f3n de fortalecimiento del pacto federal. Los cap\u00edtulos se vinculan a 9 mapas, 5 gr\u00e1ficas, 1 cuadro estad\u00edstico y 1 tabla din\u00e1mica. Toda la informaci\u00f3n en l\u00ednea.\" \/>\n<meta property=\"og:url\" content=\"https:\/\/siemexico.mx\/?product=geopolitica-de-las-elecciones\" \/>\n<meta property=\"og:site_name\" content=\"https:\/\/siemexico.mx\/\" \/>\n<meta property=\"article:modified_time\" content=\"2025-07-30T23:23:03+00:00\" \/>\n<meta property=\"og:image\" content=\"https:\/\/siemexico.mx\/wp-content\/uploads\/2025\/07\/Geopolitica-de-las-elecciones2-Portada-scaled.jpg\" \/>\n\t<meta property=\"og:image:width\" content=\"1978\" \/>\n\t<meta property=\"og:image:height\" content=\"2560\" \/>\n\t<meta property=\"og:image:type\" content=\"image\/jpeg\" \/>\n<meta name=\"twitter:card\" content=\"summary_large_image\" \/>\n<script type=\"application\/ld+json\" class=\"yoast-schema-graph\">{\"@context\":\"https:\/\/schema.org\",\"@graph\":[{\"@type\":\"WebPage\",\"@id\":\"https:\/\/siemexico.mx\/?product=geopolitica-de-las-elecciones\",\"url\":\"https:\/\/siemexico.mx\/?product=geopolitica-de-las-elecciones\",\"name\":\"Geopol\u00edtica de las Elecciones - https:\/\/siemexico.mx\/\",\"isPartOf\":{\"@id\":\"https:\/\/siemexico.mx\/#website\"},\"primaryImageOfPage\":{\"@id\":\"https:\/\/siemexico.mx\/?product=geopolitica-de-las-elecciones#primaryimage\"},\"image\":{\"@id\":\"https:\/\/siemexico.mx\/?product=geopolitica-de-las-elecciones#primaryimage\"},\"thumbnailUrl\":\"https:\/\/siemexico.mx\/wp-content\/uploads\/2025\/07\/Geopolitica-de-las-elecciones2-Portada-scaled.jpg\",\"datePublished\":\"2025-07-30T23:22:31+00:00\",\"dateModified\":\"2025-07-30T23:23:03+00:00\",\"breadcrumb\":{\"@id\":\"https:\/\/siemexico.mx\/?product=geopolitica-de-las-elecciones#breadcrumb\"},\"inLanguage\":\"es\",\"potentialAction\":[{\"@type\":\"ReadAction\",\"target\":[\"https:\/\/siemexico.mx\/?product=geopolitica-de-las-elecciones\"]}]},{\"@type\":\"ImageObject\",\"inLanguage\":\"es\",\"@id\":\"https:\/\/siemexico.mx\/?product=geopolitica-de-las-elecciones#primaryimage\",\"url\":\"https:\/\/siemexico.mx\/wp-content\/uploads\/2025\/07\/Geopolitica-de-las-elecciones2-Portada-scaled.jpg\",\"contentUrl\":\"https:\/\/siemexico.mx\/wp-content\/uploads\/2025\/07\/Geopolitica-de-las-elecciones2-Portada-scaled.jpg\",\"width\":1978,\"height\":2560},{\"@type\":\"BreadcrumbList\",\"@id\":\"https:\/\/siemexico.mx\/?product=geopolitica-de-las-elecciones#breadcrumb\",\"itemListElement\":[{\"@type\":\"ListItem\",\"position\":1,\"name\":\"Portada\",\"item\":\"https:\/\/siemexico.mx\/\"},{\"@type\":\"ListItem\",\"position\":2,\"name\":\"Tienda\",\"item\":\"https:\/\/siemexico.mx\/?page_id=9962\"},{\"@type\":\"ListItem\",\"position\":3,\"name\":\"Geopol\u00edtica de las Elecciones\"}]},{\"@type\":\"WebSite\",\"@id\":\"https:\/\/siemexico.mx\/#website\",\"url\":\"https:\/\/siemexico.mx\/\",\"name\":\"https:\/\/siemexico.mx\/\",\"description\":\"Instituto Mexicano de Estrategias\",\"potentialAction\":[{\"@type\":\"SearchAction\",\"target\":{\"@type\":\"EntryPoint\",\"urlTemplate\":\"https:\/\/siemexico.mx\/?s={search_term_string}\"},\"query-input\":{\"@type\":\"PropertyValueSpecification\",\"valueRequired\":true,\"valueName\":\"search_term_string\"}}],\"inLanguage\":\"es\"}]}<\/script>\n<!-- \/ Yoast SEO plugin. -->","yoast_head_json":{"title":"Geopol\u00edtica de las Elecciones - https:\/\/siemexico.mx\/","robots":{"index":"index","follow":"follow","max-snippet":"max-snippet:-1","max-image-preview":"max-image-preview:large","max-video-preview":"max-video-preview:-1"},"canonical":"https:\/\/siemexico.mx\/?product=geopolitica-de-las-elecciones","og_locale":"es_ES","og_type":"article","og_title":"Geopol\u00edtica de las Elecciones - https:\/\/siemexico.mx\/","og_description":"Los 300 representantes populares de los distritos electorales federales se renovar\u00e1n en las pr\u00f3ximas elecciones como parte de una sustituci\u00f3n general. Para calibrar este proceso pol\u00edtico los hemos escogido porque ellos representan la expresi\u00f3n m\u00e1s genuina de la voluntad popular y de la legitimidad democr\u00e1tica. En una visi\u00f3n geogr\u00e1fica estos distritos electorales reflejan un amplio caleidoscopio del electorado, por sus necesidades f\u00edsicas e intereses acorde a los recursos naturales a su alcance, ubicaci\u00f3n geogr\u00e1fica y composici\u00f3n \u00e9tnica. Su marco jur\u00eddico se integra por 31 ordenamientos referidos a reformas constitucionales, leyes reglamentarias, tratados multilaterales, y diversa legislaci\u00f3n de orden administrativo. La composici\u00f3n del Congreso es resultado, geogr\u00e1ficamente hablando, de la excesiva concentraci\u00f3n demogr\u00e1fica del pa\u00eds en unas cuantas entidades federativas que acaparan una tercera parte de los distritos electorales. La concentraci\u00f3n de curules, desde la perspectiva geopol\u00edtica, ha sido causa de la desatenci\u00f3n de importantes recursos naturales localizados en todo el territorio de la Federaci\u00f3n. La desproporcionada representaci\u00f3n popular proveniente de zonas y poblaci\u00f3n urbanas crea un ambiente legislativo acorde a los intereses de su electorado. Se proponen siete lineamientos para aliviar los efectos de esta concentraci\u00f3n y legislar en base a una visi\u00f3n de fortalecimiento del pacto federal. Los cap\u00edtulos se vinculan a 9 mapas, 5 gr\u00e1ficas, 1 cuadro estad\u00edstico y 1 tabla din\u00e1mica. Toda la informaci\u00f3n en l\u00ednea.","og_url":"https:\/\/siemexico.mx\/?product=geopolitica-de-las-elecciones","og_site_name":"https:\/\/siemexico.mx\/","article_modified_time":"2025-07-30T23:23:03+00:00","og_image":[{"width":1978,"height":2560,"url":"https:\/\/siemexico.mx\/wp-content\/uploads\/2025\/07\/Geopolitica-de-las-elecciones2-Portada-scaled.jpg","type":"image\/jpeg"}],"twitter_card":"summary_large_image","schema":{"@context":"https:\/\/schema.org","@graph":[{"@type":"WebPage","@id":"https:\/\/siemexico.mx\/?product=geopolitica-de-las-elecciones","url":"https:\/\/siemexico.mx\/?product=geopolitica-de-las-elecciones","name":"Geopol\u00edtica de las Elecciones - https:\/\/siemexico.mx\/","isPartOf":{"@id":"https:\/\/siemexico.mx\/#website"},"primaryImageOfPage":{"@id":"https:\/\/siemexico.mx\/?product=geopolitica-de-las-elecciones#primaryimage"},"image":{"@id":"https:\/\/siemexico.mx\/?product=geopolitica-de-las-elecciones#primaryimage"},"thumbnailUrl":"https:\/\/siemexico.mx\/wp-content\/uploads\/2025\/07\/Geopolitica-de-las-elecciones2-Portada-scaled.jpg","datePublished":"2025-07-30T23:22:31+00:00","dateModified":"2025-07-30T23:23:03+00:00","breadcrumb":{"@id":"https:\/\/siemexico.mx\/?product=geopolitica-de-las-elecciones#breadcrumb"},"inLanguage":"es","potentialAction":[{"@type":"ReadAction","target":["https:\/\/siemexico.mx\/?product=geopolitica-de-las-elecciones"]}]},{"@type":"ImageObject","inLanguage":"es","@id":"https:\/\/siemexico.mx\/?product=geopolitica-de-las-elecciones#primaryimage","url":"https:\/\/siemexico.mx\/wp-content\/uploads\/2025\/07\/Geopolitica-de-las-elecciones2-Portada-scaled.jpg","contentUrl":"https:\/\/siemexico.mx\/wp-content\/uploads\/2025\/07\/Geopolitica-de-las-elecciones2-Portada-scaled.jpg","width":1978,"height":2560},{"@type":"BreadcrumbList","@id":"https:\/\/siemexico.mx\/?product=geopolitica-de-las-elecciones#breadcrumb","itemListElement":[{"@type":"ListItem","position":1,"name":"Portada","item":"https:\/\/siemexico.mx\/"},{"@type":"ListItem","position":2,"name":"Tienda","item":"https:\/\/siemexico.mx\/?page_id=9962"},{"@type":"ListItem","position":3,"name":"Geopol\u00edtica de las Elecciones"}]},{"@type":"WebSite","@id":"https:\/\/siemexico.mx\/#website","url":"https:\/\/siemexico.mx\/","name":"https:\/\/siemexico.mx\/","description":"Instituto Mexicano de Estrategias","potentialAction":[{"@type":"SearchAction","target":{"@type":"EntryPoint","urlTemplate":"https:\/\/siemexico.mx\/?s={search_term_string}"},"query-input":{"@type":"PropertyValueSpecification","valueRequired":true,"valueName":"search_term_string"}}],"inLanguage":"es"}]}},"_links":{"self":[{"href":"https:\/\/siemexico.mx\/index.php?rest_route=\/wp\/v2\/product\/10296","targetHints":{"allow":["GET"]}}],"collection":[{"href":"https:\/\/siemexico.mx\/index.php?rest_route=\/wp\/v2\/product"}],"about":[{"href":"https:\/\/siemexico.mx\/index.php?rest_route=\/wp\/v2\/types\/product"}],"replies":[{"embeddable":true,"href":"https:\/\/siemexico.mx\/index.php?rest_route=%2Fwp%2Fv2%2Fcomments&post=10296"}],"wp:featuredmedia":[{"embeddable":true,"href":"https:\/\/siemexico.mx\/index.php?rest_route=\/wp\/v2\/media\/10298"}],"wp:attachment":[{"href":"https:\/\/siemexico.mx\/index.php?rest_route=%2Fwp%2Fv2%2Fmedia&parent=10296"}],"wp:term":[{"taxonomy":"product_brand","embeddable":true,"href":"https:\/\/siemexico.mx\/index.php?rest_route=%2Fwp%2Fv2%2Fproduct_brand&post=10296"},{"taxonomy":"product_cat","embeddable":true,"href":"https:\/\/siemexico.mx\/index.php?rest_route=%2Fwp%2Fv2%2Fproduct_cat&post=10296"},{"taxonomy":"product_tag","embeddable":true,"href":"https:\/\/siemexico.mx\/index.php?rest_route=%2Fwp%2Fv2%2Fproduct_tag&post=10296"}],"curies":[{"name":"wp","href":"https:\/\/api.w.org\/{rel}","templated":true}]}}