{"id":10302,"date":"2025-07-30T17:27:28","date_gmt":"2025-07-30T23:27:28","guid":{"rendered":"https:\/\/siemexico.mx\/?post_type=product&#038;p=10302"},"modified":"2025-07-30T17:27:28","modified_gmt":"2025-07-30T23:27:28","slug":"insiste-el-tigre-asiatico","status":"publish","type":"product","link":"https:\/\/siemexico.mx\/?product=insiste-el-tigre-asiatico","title":{"rendered":"Insiste el Tigre Asi\u00e1tico"},"content":{"rendered":"","protected":false},"excerpt":{"rendered":"<p align=\"justify\"><span style=\"font-family: Segoe UI, serif;\">Este an\u00e1lisis se enfoca en las declaraciones de un miembro del gabinete del gobierno mexicano entrante sobre la intenci\u00f3n de acercarse econ\u00f3micamente a la Rep\u00fablica Popular China. <\/span><\/p>\n<p align=\"justify\"><span style=\"font-family: Segoe UI, serif;\">Se detalla la experiencia del pa\u00eds con las exportaciones chinas empleando pr\u00e1cticas desleales de comercio internacional desde su ingreso al GATT hasta la actualidad.<\/span><\/p>\n<p align=\"justify\"><span style=\"font-family: Segoe UI, serif;\">El fen\u00f3meno chino es un factor significativo en las intenciones mexicanas dado el da\u00f1o causado y la frecuencia de las cuotas aplicadas por la autoridad comercial. Lo es tambi\u00e9n por sus implicaciones geopol\u00edticas se\u00f1aladas.<\/span><\/p>\n<p align=\"justify\"><span style=\"font-family: Segoe UI, serif;\">Este documento se presenta en tres niveles. El primero es el an\u00e1lisis. El segundo, las tablas din\u00e1micas y gr\u00e1ficas, asociadas a las afirmaciones y conclusiones. El tercer nivel corresponde a los textos jur\u00eddicos. <\/span><\/p>\n<p><span style=\"font-family: Segoe UI, serif;\">Los tres niveles se complementan para aportar al lector la posibilidad de una vista r\u00e1pida que puede detallarse.<\/span><\/p>\n","protected":false},"featured_media":10303,"comment_status":"closed","ping_status":"closed","template":"","meta":{"_acf_changed":false},"product_brand":[],"product_cat":[],"product_tag":[],"class_list":{"0":"post-10302","1":"product","2":"type-product","3":"status-publish","4":"has-post-thumbnail","7":"first","8":"instock","9":"downloadable","10":"virtual","11":"taxable","12":"purchasable","13":"product-type-simple"},"acf":[],"yoast_head":"<!-- This site is optimized with the Yoast SEO plugin v26.6 - https:\/\/yoast.com\/wordpress\/plugins\/seo\/ -->\n<title>Insiste el Tigre Asi\u00e1tico - https:\/\/siemexico.mx\/<\/title>\n<meta name=\"robots\" content=\"index, follow, max-snippet:-1, max-image-preview:large, max-video-preview:-1\" \/>\n<link rel=\"canonical\" href=\"https:\/\/siemexico.mx\/?product=insiste-el-tigre-asiatico\" \/>\n<meta property=\"og:locale\" content=\"es_ES\" \/>\n<meta property=\"og:type\" content=\"article\" \/>\n<meta property=\"og:title\" content=\"Insiste el Tigre Asi\u00e1tico - https:\/\/siemexico.mx\/\" \/>\n<meta property=\"og:description\" content=\"Este an\u00e1lisis se enfoca en las declaraciones de un miembro del gabinete del gobierno mexicano entrante sobre la intenci\u00f3n de acercarse econ\u00f3micamente a la Rep\u00fablica Popular China.  Se detalla la experiencia del pa\u00eds con las exportaciones chinas empleando pr\u00e1cticas desleales de comercio internacional desde su ingreso al GATT hasta la actualidad. El fen\u00f3meno chino es un factor significativo en las intenciones mexicanas dado el da\u00f1o causado y la frecuencia de las cuotas aplicadas por la autoridad comercial. Lo es tambi\u00e9n por sus implicaciones geopol\u00edticas se\u00f1aladas. Este documento se presenta en tres niveles. El primero es el an\u00e1lisis. El segundo, las tablas din\u00e1micas y gr\u00e1ficas, asociadas a las afirmaciones y conclusiones. El tercer nivel corresponde a los textos jur\u00eddicos.  Los tres niveles se complementan para aportar al lector la posibilidad de una vista r\u00e1pida que puede detallarse.\" \/>\n<meta property=\"og:url\" content=\"https:\/\/siemexico.mx\/?product=insiste-el-tigre-asiatico\" \/>\n<meta property=\"og:site_name\" content=\"https:\/\/siemexico.mx\/\" \/>\n<meta property=\"og:image\" content=\"https:\/\/siemexico.mx\/wp-content\/uploads\/2025\/07\/Insiste-el-tigre-asiatico2-portada-scaled.jpg\" \/>\n\t<meta property=\"og:image:width\" content=\"1978\" \/>\n\t<meta property=\"og:image:height\" content=\"2560\" \/>\n\t<meta property=\"og:image:type\" content=\"image\/jpeg\" \/>\n<meta name=\"twitter:card\" content=\"summary_large_image\" \/>\n<script type=\"application\/ld+json\" class=\"yoast-schema-graph\">{\"@context\":\"https:\/\/schema.org\",\"@graph\":[{\"@type\":\"WebPage\",\"@id\":\"https:\/\/siemexico.mx\/?product=insiste-el-tigre-asiatico\",\"url\":\"https:\/\/siemexico.mx\/?product=insiste-el-tigre-asiatico\",\"name\":\"Insiste el Tigre Asi\u00e1tico - https:\/\/siemexico.mx\/\",\"isPartOf\":{\"@id\":\"https:\/\/siemexico.mx\/#website\"},\"primaryImageOfPage\":{\"@id\":\"https:\/\/siemexico.mx\/?product=insiste-el-tigre-asiatico#primaryimage\"},\"image\":{\"@id\":\"https:\/\/siemexico.mx\/?product=insiste-el-tigre-asiatico#primaryimage\"},\"thumbnailUrl\":\"https:\/\/siemexico.mx\/wp-content\/uploads\/2025\/07\/Insiste-el-tigre-asiatico2-portada-scaled.jpg\",\"datePublished\":\"2025-07-30T23:27:28+00:00\",\"breadcrumb\":{\"@id\":\"https:\/\/siemexico.mx\/?product=insiste-el-tigre-asiatico#breadcrumb\"},\"inLanguage\":\"es\",\"potentialAction\":[{\"@type\":\"ReadAction\",\"target\":[\"https:\/\/siemexico.mx\/?product=insiste-el-tigre-asiatico\"]}]},{\"@type\":\"ImageObject\",\"inLanguage\":\"es\",\"@id\":\"https:\/\/siemexico.mx\/?product=insiste-el-tigre-asiatico#primaryimage\",\"url\":\"https:\/\/siemexico.mx\/wp-content\/uploads\/2025\/07\/Insiste-el-tigre-asiatico2-portada-scaled.jpg\",\"contentUrl\":\"https:\/\/siemexico.mx\/wp-content\/uploads\/2025\/07\/Insiste-el-tigre-asiatico2-portada-scaled.jpg\",\"width\":1978,\"height\":2560},{\"@type\":\"BreadcrumbList\",\"@id\":\"https:\/\/siemexico.mx\/?product=insiste-el-tigre-asiatico#breadcrumb\",\"itemListElement\":[{\"@type\":\"ListItem\",\"position\":1,\"name\":\"Portada\",\"item\":\"https:\/\/siemexico.mx\/\"},{\"@type\":\"ListItem\",\"position\":2,\"name\":\"Tienda\",\"item\":\"https:\/\/siemexico.mx\/?page_id=9962\"},{\"@type\":\"ListItem\",\"position\":3,\"name\":\"Insiste el Tigre Asi\u00e1tico\"}]},{\"@type\":\"WebSite\",\"@id\":\"https:\/\/siemexico.mx\/#website\",\"url\":\"https:\/\/siemexico.mx\/\",\"name\":\"https:\/\/siemexico.mx\/\",\"description\":\"Instituto Mexicano de Estrategias\",\"potentialAction\":[{\"@type\":\"SearchAction\",\"target\":{\"@type\":\"EntryPoint\",\"urlTemplate\":\"https:\/\/siemexico.mx\/?s={search_term_string}\"},\"query-input\":{\"@type\":\"PropertyValueSpecification\",\"valueRequired\":true,\"valueName\":\"search_term_string\"}}],\"inLanguage\":\"es\"}]}<\/script>\n<!-- \/ Yoast SEO plugin. -->","yoast_head_json":{"title":"Insiste el Tigre Asi\u00e1tico - https:\/\/siemexico.mx\/","robots":{"index":"index","follow":"follow","max-snippet":"max-snippet:-1","max-image-preview":"max-image-preview:large","max-video-preview":"max-video-preview:-1"},"canonical":"https:\/\/siemexico.mx\/?product=insiste-el-tigre-asiatico","og_locale":"es_ES","og_type":"article","og_title":"Insiste el Tigre Asi\u00e1tico - https:\/\/siemexico.mx\/","og_description":"Este an\u00e1lisis se enfoca en las declaraciones de un miembro del gabinete del gobierno mexicano entrante sobre la intenci\u00f3n de acercarse econ\u00f3micamente a la Rep\u00fablica Popular China.  Se detalla la experiencia del pa\u00eds con las exportaciones chinas empleando pr\u00e1cticas desleales de comercio internacional desde su ingreso al GATT hasta la actualidad. El fen\u00f3meno chino es un factor significativo en las intenciones mexicanas dado el da\u00f1o causado y la frecuencia de las cuotas aplicadas por la autoridad comercial. Lo es tambi\u00e9n por sus implicaciones geopol\u00edticas se\u00f1aladas. Este documento se presenta en tres niveles. El primero es el an\u00e1lisis. El segundo, las tablas din\u00e1micas y gr\u00e1ficas, asociadas a las afirmaciones y conclusiones. El tercer nivel corresponde a los textos jur\u00eddicos.  Los tres niveles se complementan para aportar al lector la posibilidad de una vista r\u00e1pida que puede detallarse.","og_url":"https:\/\/siemexico.mx\/?product=insiste-el-tigre-asiatico","og_site_name":"https:\/\/siemexico.mx\/","og_image":[{"width":1978,"height":2560,"url":"https:\/\/siemexico.mx\/wp-content\/uploads\/2025\/07\/Insiste-el-tigre-asiatico2-portada-scaled.jpg","type":"image\/jpeg"}],"twitter_card":"summary_large_image","schema":{"@context":"https:\/\/schema.org","@graph":[{"@type":"WebPage","@id":"https:\/\/siemexico.mx\/?product=insiste-el-tigre-asiatico","url":"https:\/\/siemexico.mx\/?product=insiste-el-tigre-asiatico","name":"Insiste el Tigre Asi\u00e1tico - https:\/\/siemexico.mx\/","isPartOf":{"@id":"https:\/\/siemexico.mx\/#website"},"primaryImageOfPage":{"@id":"https:\/\/siemexico.mx\/?product=insiste-el-tigre-asiatico#primaryimage"},"image":{"@id":"https:\/\/siemexico.mx\/?product=insiste-el-tigre-asiatico#primaryimage"},"thumbnailUrl":"https:\/\/siemexico.mx\/wp-content\/uploads\/2025\/07\/Insiste-el-tigre-asiatico2-portada-scaled.jpg","datePublished":"2025-07-30T23:27:28+00:00","breadcrumb":{"@id":"https:\/\/siemexico.mx\/?product=insiste-el-tigre-asiatico#breadcrumb"},"inLanguage":"es","potentialAction":[{"@type":"ReadAction","target":["https:\/\/siemexico.mx\/?product=insiste-el-tigre-asiatico"]}]},{"@type":"ImageObject","inLanguage":"es","@id":"https:\/\/siemexico.mx\/?product=insiste-el-tigre-asiatico#primaryimage","url":"https:\/\/siemexico.mx\/wp-content\/uploads\/2025\/07\/Insiste-el-tigre-asiatico2-portada-scaled.jpg","contentUrl":"https:\/\/siemexico.mx\/wp-content\/uploads\/2025\/07\/Insiste-el-tigre-asiatico2-portada-scaled.jpg","width":1978,"height":2560},{"@type":"BreadcrumbList","@id":"https:\/\/siemexico.mx\/?product=insiste-el-tigre-asiatico#breadcrumb","itemListElement":[{"@type":"ListItem","position":1,"name":"Portada","item":"https:\/\/siemexico.mx\/"},{"@type":"ListItem","position":2,"name":"Tienda","item":"https:\/\/siemexico.mx\/?page_id=9962"},{"@type":"ListItem","position":3,"name":"Insiste el Tigre Asi\u00e1tico"}]},{"@type":"WebSite","@id":"https:\/\/siemexico.mx\/#website","url":"https:\/\/siemexico.mx\/","name":"https:\/\/siemexico.mx\/","description":"Instituto Mexicano de Estrategias","potentialAction":[{"@type":"SearchAction","target":{"@type":"EntryPoint","urlTemplate":"https:\/\/siemexico.mx\/?s={search_term_string}"},"query-input":{"@type":"PropertyValueSpecification","valueRequired":true,"valueName":"search_term_string"}}],"inLanguage":"es"}]}},"_links":{"self":[{"href":"https:\/\/siemexico.mx\/index.php?rest_route=\/wp\/v2\/product\/10302","targetHints":{"allow":["GET"]}}],"collection":[{"href":"https:\/\/siemexico.mx\/index.php?rest_route=\/wp\/v2\/product"}],"about":[{"href":"https:\/\/siemexico.mx\/index.php?rest_route=\/wp\/v2\/types\/product"}],"replies":[{"embeddable":true,"href":"https:\/\/siemexico.mx\/index.php?rest_route=%2Fwp%2Fv2%2Fcomments&post=10302"}],"wp:featuredmedia":[{"embeddable":true,"href":"https:\/\/siemexico.mx\/index.php?rest_route=\/wp\/v2\/media\/10303"}],"wp:attachment":[{"href":"https:\/\/siemexico.mx\/index.php?rest_route=%2Fwp%2Fv2%2Fmedia&parent=10302"}],"wp:term":[{"taxonomy":"product_brand","embeddable":true,"href":"https:\/\/siemexico.mx\/index.php?rest_route=%2Fwp%2Fv2%2Fproduct_brand&post=10302"},{"taxonomy":"product_cat","embeddable":true,"href":"https:\/\/siemexico.mx\/index.php?rest_route=%2Fwp%2Fv2%2Fproduct_cat&post=10302"},{"taxonomy":"product_tag","embeddable":true,"href":"https:\/\/siemexico.mx\/index.php?rest_route=%2Fwp%2Fv2%2Fproduct_tag&post=10302"}],"curies":[{"name":"wp","href":"https:\/\/api.w.org\/{rel}","templated":true}]}}